{"id":33,"date":"2023-11-01T17:22:19","date_gmt":"2023-11-01T17:22:19","guid":{"rendered":"https:\/\/realezo.com\/?page_id=33"},"modified":"2025-03-06T11:12:29","modified_gmt":"2025-03-06T11:12:29","slug":"acerca-de","status":"publish","type":"page","link":"https:\/\/realezo.com\/en\/acerca-de\/","title":{"rendered":"About"},"content":{"rendered":"<div data-elementor-type=\"wp-page\" data-elementor-id=\"33\" class=\"elementor elementor-33\" data-elementor-post-type=\"page\">\n\t\t\t\t\t\t<section class=\"elementor-section elementor-top-section elementor-element elementor-element-0d2b8e0 elementor-section-boxed elementor-section-height-default elementor-section-height-default\" data-id=\"0d2b8e0\" data-element_type=\"section\" data-settings=\"{&quot;background_background&quot;:&quot;classic&quot;}\">\n\t\t\t\t\t\t<div class=\"elementor-container elementor-column-gap-default\">\n\t\t\t\t\t<div class=\"elementor-column elementor-col-50 elementor-top-column elementor-element elementor-element-0f41467\" data-id=\"0f41467\" data-element_type=\"column\">\n\t\t\t<div class=\"elementor-widget-wrap elementor-element-populated\">\n\t\t\t\t\t\t<div class=\"elementor-element elementor-element-9c8c918 elementor-widget elementor-widget-heading\" data-id=\"9c8c918\" data-element_type=\"widget\" data-widget_type=\"heading.default\">\n\t\t\t\t<div class=\"elementor-widget-container\">\n\t\t\t<style>\/*! elementor - v3.22.0 - 26-06-2024 *\/\n.elementor-heading-title{padding:0;margin:0;line-height:1}.elementor-widget-heading .elementor-heading-title[class*=elementor-size-]>a{color:inherit;font-size:inherit;line-height:inherit}.elementor-widget-heading .elementor-heading-title.elementor-size-small{font-size:15px}.elementor-widget-heading .elementor-heading-title.elementor-size-medium{font-size:19px}.elementor-widget-heading .elementor-heading-title.elementor-size-large{font-size:29px}.elementor-widget-heading .elementor-heading-title.elementor-size-xl{font-size:39px}.elementor-widget-heading .elementor-heading-title.elementor-size-xxl{font-size:59px}<\/style><h2 class=\"elementor-heading-title elementor-size-default\">ABOUT<\/h2>\t\t<\/div>\n\t\t\t\t<\/div>\n\t\t\t\t<div class=\"elementor-element elementor-element-b3686dd elementor-hidden-mobile elementor-hidden-tablet elementor-widget elementor-widget-text-editor\" data-id=\"b3686dd\" data-element_type=\"widget\" data-widget_type=\"text-editor.default\">\n\t\t\t\t<div class=\"elementor-widget-container\">\n\t\t\t<style>\/*! elementor - v3.22.0 - 26-06-2024 *\/\n.elementor-widget-text-editor.elementor-drop-cap-view-stacked .elementor-drop-cap{background-color:#69727d;color:#fff}.elementor-widget-text-editor.elementor-drop-cap-view-framed .elementor-drop-cap{color:#69727d;border:3px solid;background-color:transparent}.elementor-widget-text-editor:not(.elementor-drop-cap-view-default) .elementor-drop-cap{margin-top:8px}.elementor-widget-text-editor:not(.elementor-drop-cap-view-default) .elementor-drop-cap-letter{width:1em;height:1em}.elementor-widget-text-editor .elementor-drop-cap{float:left;text-align:center;line-height:1;font-size:50px}.elementor-widget-text-editor .elementor-drop-cap-letter{display:inline-block}<\/style>\t\t\t\t<p><span style=\"font-weight: 400;\">With roots on the shores of the Mediterranean sea, <strong>Realezo<\/strong> sails its past, catching the wind and riding the currents of irs present time, steering toward a lasting legacy.<\/span><\/p><p><span style=\"font-weight: 400;\"><strong>Realezo<\/strong> is a creative studio where luxury and excellence take center stage. We craft collections and pieces that transcend expectations through unique designs that challenge tradition and become refined expressions of elegance, beauty and craftsmanship.\u00a0<\/span><\/p><p><span style=\"font-weight: 400;\">At <strong>Realezo<\/strong>, we dive into the world of fine jewelry, blending art and artistry with a spark of\ninnovation. Our team of designers and master artisans wield their techniques with the ease\nof a breath, turning their craft into an instinctive art, skillfully combining traditional\ncraftsmanship with cutting-edge technologies and shaping the impossible into a challenge.<\/span><\/p><p><span style=\"font-weight: 400;\">By creating limited and numbered collections, and even working on commissioned designs\nto craft custom jewelry, these creations gain exceptional value, imbuing them with a unique\npersonality and brilliance, ready to make history alongside their owners.<\/span><\/p><p><span style=\"font-weight: 400;\">Realezo, charting new horizons.<\/span><\/p>\t\t\t\t\t\t<\/div>\n\t\t\t\t<\/div>\n\t\t\t\t<div class=\"elementor-element elementor-element-cc249b1 elementor-hidden-desktop elementor-hidden-laptop elementor-widget elementor-widget-text-editor\" data-id=\"cc249b1\" data-element_type=\"widget\" data-widget_type=\"text-editor.default\">\n\t\t\t\t<div class=\"elementor-widget-container\">\n\t\t\t\t\t\t\t<p><span style=\"font-weight: 400;\">With roots on the shores of the Mediterranean sea, <strong>Realezo<\/strong> sails its past, catching the wind and riding the currents of irs present time, steering toward a lasting legacy.<\/span><\/p><p><span style=\"font-weight: 400;\"><strong>Realezo<\/strong> is a creative studio where luxury and excellence take center stage. We craft collections and pieces that transcend expectations through unique designs that challenge tradition and become refined expressions of elegance, beauty and craftsmanship.\u00a0<\/span><\/p>\t\t\t\t\t\t<\/div>\n\t\t\t\t<\/div>\n\t\t\t\t\t<\/div>\n\t\t<\/div>\n\t\t\t\t<div class=\"elementor-column elementor-col-50 elementor-top-column elementor-element elementor-element-425da7a\" data-id=\"425da7a\" data-element_type=\"column\">\n\t\t\t<div class=\"elementor-widget-wrap elementor-element-populated\">\n\t\t\t\t\t\t<div class=\"elementor-element elementor-element-3896887 elementor-widget elementor-widget-image\" data-id=\"3896887\" data-element_type=\"widget\" data-widget_type=\"image.default\">\n\t\t\t\t<div class=\"elementor-widget-container\">\n\t\t\t<style>\/*! elementor - v3.22.0 - 26-06-2024 *\/\n.elementor-widget-image{text-align:center}.elementor-widget-image a{display:inline-block}.elementor-widget-image a img[src$=\".svg\"]{width:48px}.elementor-widget-image img{vertical-align:middle;display:inline-block}<\/style>\t\t\t\t\t\t\t\t\t\t<img decoding=\"async\" src=\"https:\/\/realezo.com\/wp-content\/uploads\/elementor\/thumbs\/Realezo-ACERCA-DE-Foto-scaled-r2giktw6vr3uyiyrkjqjnd9kl8fbyu4ddzqhg97ebs.jpg\" title=\"Realezo-ACERCA-DE-Foto\" alt=\"Realezo-ACERCA-DE-Foto\" loading=\"lazy\" \/>\t\t\t\t\t\t\t\t\t\t\t\t\t<\/div>\n\t\t\t\t<\/div>\n\t\t\t\t<div class=\"elementor-element elementor-element-69fc11d elementor-hidden-desktop elementor-hidden-laptop elementor-widget elementor-widget-text-editor\" data-id=\"69fc11d\" data-element_type=\"widget\" data-widget_type=\"text-editor.default\">\n\t\t\t\t<div class=\"elementor-widget-container\">\n\t\t\t\t\t\t\t<p>At <strong>Realezo<\/strong>, we dive into the world of fine jewelry, blending art and artistry with a spark of\ninnovation. Our team of designers and master artisans wield their techniques with the ease\nof a breath, turning their craft into an instinctive art, skillfully combining traditional\ncraftsmanship with cutting-edge technologies and shaping the impossible into a challenge.<\/p><p><span style=\"font-weight: 400;\">By creating limited and numbered collections, and even working on commissioned designs\nto craft custom jewelry, these creations gain exceptional value, imbuing them with a unique\npersonality and brilliance, ready to make history alongside their owners.<\/span><\/p><p><span style=\"font-weight: 400;\">Realezo, charting new horizons.<\/span><\/p>\t\t\t\t\t\t<\/div>\n\t\t\t\t<\/div>\n\t\t\t\t\t<\/div>\n\t\t<\/div>\n\t\t\t\t\t<\/div>\n\t\t<\/section>\n\t\t\t\t<\/div>","protected":false},"excerpt":{"rendered":"<p>ACERCA DE Nacido a orillas del Mediterr\u00e1neo, Realezo navega por las aguas de su pasado aprovechando vientos y corrientes presentes para poner rumbo a la posteridad. Realezo es un estudio creativo donde prima el lujo y la excelencia, donde las piezas elaboradas trascienden las expectativas a trav\u00e9s de dise\u00f1os \u00fanicos que desaf\u00edan convencionalismos y se [&hellip;]<\/p>","protected":false},"author":1,"featured_media":0,"parent":0,"menu_order":2,"comment_status":"closed","ping_status":"closed","template":"","meta":{"_acf_changed":false,"footnotes":""},"class_list":["post-33","page","type-page","status-publish","hentry"],"acf":[],"_links":{"self":[{"href":"https:\/\/realezo.com\/en\/wp-json\/wp\/v2\/pages\/33","targetHints":{"allow":["GET"]}}],"collection":[{"href":"https:\/\/realezo.com\/en\/wp-json\/wp\/v2\/pages"}],"about":[{"href":"https:\/\/realezo.com\/en\/wp-json\/wp\/v2\/types\/page"}],"author":[{"embeddable":true,"href":"https:\/\/realezo.com\/en\/wp-json\/wp\/v2\/users\/1"}],"replies":[{"embeddable":true,"href":"https:\/\/realezo.com\/en\/wp-json\/wp\/v2\/comments?post=33"}],"version-history":[{"count":233,"href":"https:\/\/realezo.com\/en\/wp-json\/wp\/v2\/pages\/33\/revisions"}],"predecessor-version":[{"id":9917,"href":"https:\/\/realezo.com\/en\/wp-json\/wp\/v2\/pages\/33\/revisions\/9917"}],"wp:attachment":[{"href":"https:\/\/realezo.com\/en\/wp-json\/wp\/v2\/media?parent=33"}],"curies":[{"name":"wp","href":"https:\/\/api.w.org\/{rel}","templated":true}]}}