{"id":8404,"date":"2024-12-13T16:20:15","date_gmt":"2024-12-13T16:20:15","guid":{"rendered":"https:\/\/realezo.com\/?page_id=8404"},"modified":"2025-01-07T09:23:15","modified_gmt":"2025-01-07T09:23:15","slug":"aviso-legal","status":"publish","type":"page","link":"https:\/\/realezo.com\/en\/aviso-legal\/","title":{"rendered":"Legal notice"},"content":{"rendered":"<div data-elementor-type=\"wp-page\" data-elementor-id=\"8404\" class=\"elementor elementor-8404\" data-elementor-post-type=\"page\">\n\t\t\t\t\t\t<section class=\"elementor-section elementor-top-section elementor-element elementor-element-b1e71d7 elementor-section-boxed elementor-section-height-default elementor-section-height-default\" data-id=\"b1e71d7\" data-element_type=\"section\">\n\t\t\t\t\t\t<div class=\"elementor-container elementor-column-gap-default\">\n\t\t\t\t\t<div class=\"elementor-column elementor-col-100 elementor-top-column elementor-element elementor-element-3c7ed64\" data-id=\"3c7ed64\" data-element_type=\"column\">\n\t\t\t<div class=\"elementor-widget-wrap elementor-element-populated\">\n\t\t\t\t\t\t<div class=\"elementor-element elementor-element-512d21b elementor-widget elementor-widget-heading\" data-id=\"512d21b\" data-element_type=\"widget\" data-widget_type=\"heading.default\">\n\t\t\t\t<div class=\"elementor-widget-container\">\n\t\t\t<style>\/*! elementor - v3.22.0 - 26-06-2024 *\/\n.elementor-heading-title{padding:0;margin:0;line-height:1}.elementor-widget-heading .elementor-heading-title[class*=elementor-size-]>a{color:inherit;font-size:inherit;line-height:inherit}.elementor-widget-heading .elementor-heading-title.elementor-size-small{font-size:15px}.elementor-widget-heading .elementor-heading-title.elementor-size-medium{font-size:19px}.elementor-widget-heading .elementor-heading-title.elementor-size-large{font-size:29px}.elementor-widget-heading .elementor-heading-title.elementor-size-xl{font-size:39px}.elementor-widget-heading .elementor-heading-title.elementor-size-xxl{font-size:59px}<\/style><h2 class=\"elementor-heading-title elementor-size-default\">AVISO LEGAL<\/h2>\t\t<\/div>\n\t\t\t\t<\/div>\n\t\t\t\t\t<\/div>\n\t\t<\/div>\n\t\t\t\t\t<\/div>\n\t\t<\/section>\n\t\t\t\t<section class=\"elementor-section elementor-top-section elementor-element elementor-element-46703dd elementor-section-boxed elementor-section-height-default elementor-section-height-default\" data-id=\"46703dd\" data-element_type=\"section\">\n\t\t\t\t\t\t<div class=\"elementor-container elementor-column-gap-default\">\n\t\t\t\t\t<div class=\"elementor-column elementor-col-100 elementor-top-column elementor-element elementor-element-aac7988\" data-id=\"aac7988\" data-element_type=\"column\">\n\t\t\t<div class=\"elementor-widget-wrap elementor-element-populated\">\n\t\t\t\t\t\t<div class=\"elementor-element elementor-element-c29e345 elementor-widget elementor-widget-text-editor\" data-id=\"c29e345\" data-element_type=\"widget\" data-widget_type=\"text-editor.default\">\n\t\t\t\t<div class=\"elementor-widget-container\">\n\t\t\t<style>\/*! elementor - v3.22.0 - 26-06-2024 *\/\n.elementor-widget-text-editor.elementor-drop-cap-view-stacked .elementor-drop-cap{background-color:#69727d;color:#fff}.elementor-widget-text-editor.elementor-drop-cap-view-framed .elementor-drop-cap{color:#69727d;border:3px solid;background-color:transparent}.elementor-widget-text-editor:not(.elementor-drop-cap-view-default) .elementor-drop-cap{margin-top:8px}.elementor-widget-text-editor:not(.elementor-drop-cap-view-default) .elementor-drop-cap-letter{width:1em;height:1em}.elementor-widget-text-editor .elementor-drop-cap{float:left;text-align:center;line-height:1;font-size:50px}.elementor-widget-text-editor .elementor-drop-cap-letter{display:inline-block}<\/style>\t\t\t\t<p class=\"western\"><b>1. INFORMACI\u00d3N GENERAL<\/b><\/p><p class=\"western\">De conformidad con lo dispuesto en la legislaci\u00f3n vigente sobre servicios de la sociedad de la informaci\u00f3n y comercio electr\u00f3nico, se informa a los usuarios de la p\u00e1gina web www.realezo.com de los siguientes datos:<\/p><p class=\"western\">&#8211; Titular del Sitio Web: Erardo Ruy Herrera Garc\u00eda<\/p><p class=\"western\">&#8211; Domicilio Social: Pasaje Los Pel\u00edcanos 5, 04740, Roquetas de Mar, Almer\u00eda<\/p><p class=\"western\">&#8211; CIF\/NIF: Por incluir una vez dado de alta como aut\u00f3nomo<\/p><p class=\"western\">&#8211; Correo Electr\u00f3nico de Contacto: info@realezo.com<\/p><p class=\"western\">&#8211; Tel\u00e9fono de Contacto: (+34 625375038)<\/p><ol start=\"2\"><li><p class=\"western\"><b>CONDICIONES DE USO<\/b><\/p><\/li><\/ol><p class=\"western\">El acceso y uso de esta p\u00e1gina web atribuye la condici\u00f3n de usuario, e implica la aceptaci\u00f3n plena y sin reservas de las condiciones incluidas en este Aviso Legal. Los usuarios se comprometen a utilizar la p\u00e1gina web de conformidad con la ley, la moral, el orden p\u00fablico y las buenas costumbres generalmente aceptadas. Queda prohibido realizar cualquier acci\u00f3n que pueda causar da\u00f1os o alteraciones en la web o sus contenidos.<\/p><ol start=\"2\"><li><p class=\"western\"><b>PROPIEDAD INTELECTUAL E INDUSTRIAL<\/b><\/p><\/li><\/ol><p class=\"western\">Todos los contenidos del sitio web (incluyendo, entre otros, textos, im\u00e1genes, gr\u00e1ficos, logotipos, iconos, software, etc.) son propiedad de Realezo o de terceros que han autorizado su uso. Queda prohibida su reproducci\u00f3n, distribuci\u00f3n, comunicaci\u00f3n p\u00fablica, transformaci\u00f3n o cualquier otra forma de explotaci\u00f3n sin la autorizaci\u00f3n expresa del titular del sitio web.<\/p><p class=\"western\"><b>4. PROTECCI\u00d3N DE DATOS PERSONALES<\/b><\/p><p class=\"western\">www.realezo.com cumple con lo dispuesto en la normativa vigente en materia de protecci\u00f3n de datos personales. Para m\u00e1s informaci\u00f3n sobre c\u00f3mo tratamos los datos personales de los usuarios, consulte nuestra Pol\u00edtica de Privacidad.<\/p><p class=\"western\"><b>5. LIMITACI\u00d3N DE RESPONSABILIDAD<\/b><\/p><p class=\"western\">El titular de la web no se hace responsable de los da\u00f1os y perjuicios que puedan derivarse de interferencias o interrupciones en el sistema, virus inform\u00e1ticos, sobrecarga de l\u00edneas o errores causados por terceros.<\/p><p class=\"western\"><b>6. ENLACES EXTERNOS<\/b><\/p><p class=\"western\">El sitio web puede incluir enlaces a p\u00e1ginas externas. El titular de www.realezo.com no se responsabiliza de los contenidos ni del funcionamiento de dichas p\u00e1ginas externas.<\/p><p class=\"western\"><b>7. LEGISLACI\u00d3N APLICABLE Y JURISDICCI\u00d3N<\/b><\/p><p class=\"western\">El presente Aviso Legal se rige por la legislaci\u00f3n espa\u00f1ola. Para cualquier controversia que pueda surgir relacionada con este sitio web, las partes se someter\u00e1n a los Juzgados y Tribunales del domicilio del titular del sitio web.<\/p>\t\t\t\t\t\t<\/div>\n\t\t\t\t<\/div>\n\t\t\t\t\t<\/div>\n\t\t<\/div>\n\t\t\t\t\t<\/div>\n\t\t<\/section>\n\t\t\t\t<\/div>","protected":false},"excerpt":{"rendered":"<p>AVISO LEGAL 1. INFORMACI\u00d3N GENERAL De conformidad con lo dispuesto en la legislaci\u00f3n vigente sobre servicios de la sociedad de la informaci\u00f3n y comercio electr\u00f3nico, se informa a los usuarios de la p\u00e1gina web www.realezo.com de los siguientes datos: &#8211; Titular del Sitio Web: Erardo Ruy Herrera Garc\u00eda &#8211; Domicilio Social: Pasaje Los Pel\u00edcanos 5, [&hellip;]<\/p>","protected":false},"author":1,"featured_media":0,"parent":0,"menu_order":0,"comment_status":"closed","ping_status":"closed","template":"elementor_header_footer","meta":{"_acf_changed":false,"footnotes":""},"class_list":["post-8404","page","type-page","status-publish","hentry"],"acf":[],"_links":{"self":[{"href":"https:\/\/realezo.com\/en\/wp-json\/wp\/v2\/pages\/8404","targetHints":{"allow":["GET"]}}],"collection":[{"href":"https:\/\/realezo.com\/en\/wp-json\/wp\/v2\/pages"}],"about":[{"href":"https:\/\/realezo.com\/en\/wp-json\/wp\/v2\/types\/page"}],"author":[{"embeddable":true,"href":"https:\/\/realezo.com\/en\/wp-json\/wp\/v2\/users\/1"}],"replies":[{"embeddable":true,"href":"https:\/\/realezo.com\/en\/wp-json\/wp\/v2\/comments?post=8404"}],"version-history":[{"count":4,"href":"https:\/\/realezo.com\/en\/wp-json\/wp\/v2\/pages\/8404\/revisions"}],"predecessor-version":[{"id":9079,"href":"https:\/\/realezo.com\/en\/wp-json\/wp\/v2\/pages\/8404\/revisions\/9079"}],"wp:attachment":[{"href":"https:\/\/realezo.com\/en\/wp-json\/wp\/v2\/media?parent=8404"}],"curies":[{"name":"wp","href":"https:\/\/api.w.org\/{rel}","templated":true}]}}