{"id":8406,"date":"2024-12-13T16:20:32","date_gmt":"2024-12-13T16:20:32","guid":{"rendered":"https:\/\/realezo.com\/?page_id=8406"},"modified":"2025-01-07T09:22:25","modified_gmt":"2025-01-07T09:22:25","slug":"politica-de-privacidad","status":"publish","type":"page","link":"https:\/\/realezo.com\/en\/politica-de-privacidad\/","title":{"rendered":"Pol\u00edtica de privacidad"},"content":{"rendered":"<div data-elementor-type=\"wp-page\" data-elementor-id=\"8406\" class=\"elementor elementor-8406\" data-elementor-post-type=\"page\">\n\t\t\t\t\t\t<section class=\"elementor-section elementor-top-section elementor-element elementor-element-1ee57b9 elementor-section-boxed elementor-section-height-default elementor-section-height-default\" data-id=\"1ee57b9\" data-element_type=\"section\">\n\t\t\t\t\t\t<div class=\"elementor-container elementor-column-gap-default\">\n\t\t\t\t\t<div class=\"elementor-column elementor-col-100 elementor-top-column elementor-element elementor-element-886c3f9\" data-id=\"886c3f9\" data-element_type=\"column\">\n\t\t\t<div class=\"elementor-widget-wrap elementor-element-populated\">\n\t\t\t\t\t\t<div class=\"elementor-element elementor-element-dc86309 elementor-widget elementor-widget-heading\" data-id=\"dc86309\" data-element_type=\"widget\" data-widget_type=\"heading.default\">\n\t\t\t\t<div class=\"elementor-widget-container\">\n\t\t\t<style>\/*! elementor - v3.22.0 - 26-06-2024 *\/\n.elementor-heading-title{padding:0;margin:0;line-height:1}.elementor-widget-heading .elementor-heading-title[class*=elementor-size-]>a{color:inherit;font-size:inherit;line-height:inherit}.elementor-widget-heading .elementor-heading-title.elementor-size-small{font-size:15px}.elementor-widget-heading .elementor-heading-title.elementor-size-medium{font-size:19px}.elementor-widget-heading .elementor-heading-title.elementor-size-large{font-size:29px}.elementor-widget-heading .elementor-heading-title.elementor-size-xl{font-size:39px}.elementor-widget-heading .elementor-heading-title.elementor-size-xxl{font-size:59px}<\/style><h2 class=\"elementor-heading-title elementor-size-default\">POL\u00cdTICA DE PRIVACIDAD<\/h2>\t\t<\/div>\n\t\t\t\t<\/div>\n\t\t\t\t\t<\/div>\n\t\t<\/div>\n\t\t\t\t\t<\/div>\n\t\t<\/section>\n\t\t\t\t<section class=\"elementor-section elementor-top-section elementor-element elementor-element-25d1ba7 elementor-section-boxed elementor-section-height-default elementor-section-height-default\" data-id=\"25d1ba7\" data-element_type=\"section\">\n\t\t\t\t\t\t<div class=\"elementor-container elementor-column-gap-default\">\n\t\t\t\t\t<div class=\"elementor-column elementor-col-100 elementor-top-column elementor-element elementor-element-5e9b887\" data-id=\"5e9b887\" data-element_type=\"column\">\n\t\t\t<div class=\"elementor-widget-wrap elementor-element-populated\">\n\t\t\t\t\t\t<div class=\"elementor-element elementor-element-2f0e06a elementor-widget elementor-widget-text-editor\" data-id=\"2f0e06a\" data-element_type=\"widget\" data-widget_type=\"text-editor.default\">\n\t\t\t\t<div class=\"elementor-widget-container\">\n\t\t\t<style>\/*! elementor - v3.22.0 - 26-06-2024 *\/\n.elementor-widget-text-editor.elementor-drop-cap-view-stacked .elementor-drop-cap{background-color:#69727d;color:#fff}.elementor-widget-text-editor.elementor-drop-cap-view-framed .elementor-drop-cap{color:#69727d;border:3px solid;background-color:transparent}.elementor-widget-text-editor:not(.elementor-drop-cap-view-default) .elementor-drop-cap{margin-top:8px}.elementor-widget-text-editor:not(.elementor-drop-cap-view-default) .elementor-drop-cap-letter{width:1em;height:1em}.elementor-widget-text-editor .elementor-drop-cap{float:left;text-align:center;line-height:1;font-size:50px}.elementor-widget-text-editor .elementor-drop-cap-letter{display:inline-block}<\/style>\t\t\t\t<p class=\"western\">En www.realezo.com valoramos y respetamos la privacidad de nuestros usuarios. A continuaci\u00f3n, explicamos c\u00f3mo recopilamos, utilizamos y protegemos su informaci\u00f3n personal de conformidad con la normativa aplicable en materia de protecci\u00f3n de datos, incluyendo el Reglamento General de Protecci\u00f3n de Datos (RGPD) y dem\u00e1s legislaci\u00f3n vigente.<\/p><p class=\"western\"><b>1. RESPONSABLE DEL TRATAMIENTO DE DATOS<\/b><\/p><p class=\"western\">&#8211; Titular del Sitio Web: Erardo Ruy Herrera Garc\u00eda<\/p><p class=\"western\">&#8211; Domicilio: Pasaje Los Pel\u00edcanos 5, 04740, Roquetas de Mar, Almer\u00eda<\/p><p class=\"western\">&#8211; CIF\/NIF: Por incluir una vez dado de alta como aut\u00f3nomo<\/p><p class=\"western\">&#8211; Correo Electr\u00f3nico de Contacto: info@realezo.com<\/p><p class=\"western\"><b>2. INFORMACI\u00d3N QUE RECOPILAMOS<\/b><\/p><p class=\"western\">Podemos recopilar y tratar los siguientes datos personales:<\/p><p class=\"western\">&#8211; Nombre y apellidos<\/p><p class=\"western\">&#8211; Direcci\u00f3n de correo electr\u00f3nico<\/p><p class=\"western\">&#8211; N\u00famero de tel\u00e9fono<\/p><p class=\"western\">&#8211; Informaci\u00f3n de navegaci\u00f3n (direcci\u00f3n IP, ubicaci\u00f3n, datos de cookies, etc.)<\/p><p class=\"western\">&#8211; Cualquier otra informaci\u00f3n proporcionada voluntariamente a trav\u00e9s de formularios del sitio web<\/p><p class=\"western\"><b>3. FINALIDADES DEL TRATAMIENTO DE LOS DATOS<\/b><\/p><p class=\"western\">Tratamos sus datos personales para los siguientes fines:<\/p><p class=\"western\">&#8211; Responder a consultas realizadas a trav\u00e9s de nuestro formulario de contacto<\/p><p class=\"western\">&#8211; Gestionar su registro en nuestra p\u00e1gina web<\/p><p class=\"western\">&#8211; Enviar comunicaciones comerciales, ofertas y promociones (cuando tengamos su consentimiento)<\/p><p class=\"western\">&#8211; Mejorar nuestro sitio web y personalizar su experiencia como usuario<\/p><p class=\"western\"><b>4. BASE LEGAL PARA EL TRATAMIENTO DE LOS DATOS<\/b><\/p><p class=\"western\">El tratamiento de sus datos personales se basa en:<\/p><p class=\"western\">&#8211; Su consentimiento expl\u00edcito para el tratamiento de datos (formularios, suscripciones, etc.)<\/p><p class=\"western\">&#8211; La necesidad de ejecutar un contrato o gestionar una relaci\u00f3n comercial<\/p><p class=\"western\">&#8211; El cumplimiento de obligaciones legales<\/p><p class=\"western\"><b>5. CONSERVACI\u00d3N DE LOS DATOS<\/b><\/p><p class=\"western\">Conservaremos sus datos personales durante el tiempo necesario para cumplir con las finalidades para las que se recopilaron, o mientras exista una obligaci\u00f3n legal de mantenerlos.<\/p><p class=\"western\"><b>6. COMPARTICI\u00d3N DE LOS DATOS<\/b><\/p><p class=\"western\">No compartimos, vendemos ni cedemos sus datos personales a terceros, salvo en los siguientes casos:<\/p><p class=\"western\">&#8211; Cumplimiento de una obligaci\u00f3n legal<\/p><p class=\"western\">&#8211; Prestadores de servicios que act\u00faan como encargados del tratamiento bajo un contrato que garantiza la protecci\u00f3n de sus datos<\/p><p class=\"western\"><b>7. DERECHOS DEL USUARIO<\/b><\/p><p class=\"western\">Como usuario, tiene los siguientes derechos:<\/p><p class=\"western\">&#8211; Acceso: Puede solicitar acceso a los datos personales que tenemos sobre usted.<\/p><p class=\"western\">&#8211; Rectificaci\u00f3n: Puede solicitar la correcci\u00f3n de datos inexactos o incompletos.<\/p><p class=\"western\">&#8211; Supresi\u00f3n: Puede solicitar la eliminaci\u00f3n de sus datos personales cuando ya no sean necesarios.<\/p><p class=\"western\">&#8211; Oposici\u00f3n: Puede oponerse al tratamiento de sus datos personales en determinadas circunstancias.<\/p><p class=\"western\">&#8211; Portabilidad: Puede solicitar que le enviemos sus datos personales en un formato estructurado y de uso com\u00fan.<\/p><p class=\"western\">Para ejercer estos derechos, env\u00ede un correo electr\u00f3nico a info@realezo.com, indicando el derecho que desea ejercer y adjuntando una copia de su documento de identidad.<\/p><p class=\"western\"><b>8. USO DE COOKIES<\/b><\/p><p class=\"western\">Para obtener informaci\u00f3n detallada sobre el uso de cookies en nuestra web, consulte nuestra Pol\u00edtica de Cookies.<\/p><p class=\"western\"><b>9. SEGURIDAD DE LOS DATOS<\/b><\/p><p class=\"western\">En www.realezo.com implementamos medidas de seguridad t\u00e9cnicas y organizativas para garantizar la protecci\u00f3n de sus datos personales contra accesos no autorizados, p\u00e9rdida, uso indebido o alteraci\u00f3n.<\/p><p class=\"western\"><b>10. CAMBIOS EN LA POL\u00cdTICA DE PRIVACIDAD<\/b><\/p><p class=\"western\">Nos reservamos el derecho a actualizar esta Pol\u00edtica de Privacidad en cualquier momento. Las modificaciones ser\u00e1n publicadas en esta misma p\u00e1gina y, cuando sea necesario, notificadas al usuario por correo electr\u00f3nico.<\/p><p class=\"western\"><b>11. CONTACTO<\/b><\/p><p class=\"western\">Si tiene alguna pregunta o duda sobre esta Pol\u00edtica de Privacidad, puede contactar con nosotros a trav\u00e9s del correo electr\u00f3nico info@realezo.com o en la direcci\u00f3n postal Pasaje Los Pel\u00edcanos 5, 04740, Roquetas de Mar, Almer\u00eda.<\/p>\t\t\t\t\t\t<\/div>\n\t\t\t\t<\/div>\n\t\t\t\t\t<\/div>\n\t\t<\/div>\n\t\t\t\t\t<\/div>\n\t\t<\/section>\n\t\t\t\t<\/div>","protected":false},"excerpt":{"rendered":"<p>POL\u00cdTICA DE PRIVACIDAD En www.realezo.com valoramos y respetamos la privacidad de nuestros usuarios. A continuaci\u00f3n, explicamos c\u00f3mo recopilamos, utilizamos y protegemos su informaci\u00f3n personal de conformidad con la normativa aplicable en materia de protecci\u00f3n de datos, incluyendo el Reglamento General de Protecci\u00f3n de Datos (RGPD) y dem\u00e1s legislaci\u00f3n vigente. 1. RESPONSABLE DEL TRATAMIENTO DE DATOS [&hellip;]<\/p>","protected":false},"author":1,"featured_media":0,"parent":0,"menu_order":0,"comment_status":"closed","ping_status":"closed","template":"elementor_header_footer","meta":{"_acf_changed":false,"footnotes":""},"class_list":["post-8406","page","type-page","status-publish","hentry"],"acf":[],"_links":{"self":[{"href":"https:\/\/realezo.com\/en\/wp-json\/wp\/v2\/pages\/8406","targetHints":{"allow":["GET"]}}],"collection":[{"href":"https:\/\/realezo.com\/en\/wp-json\/wp\/v2\/pages"}],"about":[{"href":"https:\/\/realezo.com\/en\/wp-json\/wp\/v2\/types\/page"}],"author":[{"embeddable":true,"href":"https:\/\/realezo.com\/en\/wp-json\/wp\/v2\/users\/1"}],"replies":[{"embeddable":true,"href":"https:\/\/realezo.com\/en\/wp-json\/wp\/v2\/comments?post=8406"}],"version-history":[{"count":7,"href":"https:\/\/realezo.com\/en\/wp-json\/wp\/v2\/pages\/8406\/revisions"}],"predecessor-version":[{"id":9075,"href":"https:\/\/realezo.com\/en\/wp-json\/wp\/v2\/pages\/8406\/revisions\/9075"}],"wp:attachment":[{"href":"https:\/\/realezo.com\/en\/wp-json\/wp\/v2\/media?parent=8406"}],"curies":[{"name":"wp","href":"https:\/\/api.w.org\/{rel}","templated":true}]}}