{"id":8411,"date":"2024-12-13T16:20:47","date_gmt":"2024-12-13T16:20:47","guid":{"rendered":"https:\/\/realezo.com\/?page_id=8411"},"modified":"2025-01-07T09:20:43","modified_gmt":"2025-01-07T09:20:43","slug":"politica-de-cookies","status":"publish","type":"page","link":"https:\/\/realezo.com\/en\/politica-de-cookies\/","title":{"rendered":"Pol\u00edtica de cookies"},"content":{"rendered":"<div data-elementor-type=\"wp-page\" data-elementor-id=\"8411\" class=\"elementor elementor-8411\" data-elementor-post-type=\"page\">\n\t\t\t\t\t\t<section class=\"elementor-section elementor-top-section elementor-element elementor-element-84cae5a elementor-section-boxed elementor-section-height-default elementor-section-height-default\" data-id=\"84cae5a\" data-element_type=\"section\">\n\t\t\t\t\t\t<div class=\"elementor-container elementor-column-gap-default\">\n\t\t\t\t\t<div class=\"elementor-column elementor-col-100 elementor-top-column elementor-element elementor-element-94615be\" data-id=\"94615be\" data-element_type=\"column\">\n\t\t\t<div class=\"elementor-widget-wrap elementor-element-populated\">\n\t\t\t\t\t\t<div class=\"elementor-element elementor-element-d62cc58 elementor-widget elementor-widget-heading\" data-id=\"d62cc58\" data-element_type=\"widget\" data-widget_type=\"heading.default\">\n\t\t\t\t<div class=\"elementor-widget-container\">\n\t\t\t<style>\/*! elementor - v3.22.0 - 26-06-2024 *\/\n.elementor-heading-title{padding:0;margin:0;line-height:1}.elementor-widget-heading .elementor-heading-title[class*=elementor-size-]>a{color:inherit;font-size:inherit;line-height:inherit}.elementor-widget-heading .elementor-heading-title.elementor-size-small{font-size:15px}.elementor-widget-heading .elementor-heading-title.elementor-size-medium{font-size:19px}.elementor-widget-heading .elementor-heading-title.elementor-size-large{font-size:29px}.elementor-widget-heading .elementor-heading-title.elementor-size-xl{font-size:39px}.elementor-widget-heading .elementor-heading-title.elementor-size-xxl{font-size:59px}<\/style><h2 class=\"elementor-heading-title elementor-size-default\">POL\u00cdTICA DE COOKIES<\/h2>\t\t<\/div>\n\t\t\t\t<\/div>\n\t\t\t\t\t<\/div>\n\t\t<\/div>\n\t\t\t\t\t<\/div>\n\t\t<\/section>\n\t\t\t\t<section class=\"elementor-section elementor-top-section elementor-element elementor-element-87aef68 elementor-section-boxed elementor-section-height-default elementor-section-height-default\" data-id=\"87aef68\" data-element_type=\"section\">\n\t\t\t\t\t\t<div class=\"elementor-container elementor-column-gap-default\">\n\t\t\t\t\t<div class=\"elementor-column elementor-col-100 elementor-top-column elementor-element elementor-element-130306e\" data-id=\"130306e\" data-element_type=\"column\">\n\t\t\t<div class=\"elementor-widget-wrap elementor-element-populated\">\n\t\t\t\t\t\t<div class=\"elementor-element elementor-element-7e29c86 elementor-widget elementor-widget-text-editor\" data-id=\"7e29c86\" data-element_type=\"widget\" data-widget_type=\"text-editor.default\">\n\t\t\t\t<div class=\"elementor-widget-container\">\n\t\t\t<style>\/*! elementor - v3.22.0 - 26-06-2024 *\/\n.elementor-widget-text-editor.elementor-drop-cap-view-stacked .elementor-drop-cap{background-color:#69727d;color:#fff}.elementor-widget-text-editor.elementor-drop-cap-view-framed .elementor-drop-cap{color:#69727d;border:3px solid;background-color:transparent}.elementor-widget-text-editor:not(.elementor-drop-cap-view-default) .elementor-drop-cap{margin-top:8px}.elementor-widget-text-editor:not(.elementor-drop-cap-view-default) .elementor-drop-cap-letter{width:1em;height:1em}.elementor-widget-text-editor .elementor-drop-cap{float:left;text-align:center;line-height:1;font-size:50px}.elementor-widget-text-editor .elementor-drop-cap-letter{display:inline-block}<\/style>\t\t\t\t<p class=\"western\">En www.realezo.com, utilizamos cookies para garantizar el correcto funcionamiento de nuestra p\u00e1gina web, mejorar su experiencia de navegaci\u00f3n y ofrecer contenidos personalizados. A continuaci\u00f3n, explicamos qu\u00e9 son las cookies, qu\u00e9 tipos utilizamos, y c\u00f3mo puede gestionarlas.<\/p><p class=\"western\"><b>1. \u00bfQU\u00c9 SON LAS COOKIES?<\/b><\/p><p class=\"western\">Las cookies son peque\u00f1os archivos de texto que se descargan en su dispositivo (ordenador, smartphone, tableta, etc.) al visitar una p\u00e1gina web. Estas cookies permiten a la web recordar informaci\u00f3n sobre su visita, como sus preferencias o configuraciones, para que la navegaci\u00f3n sea m\u00e1s eficiente y personalizada.<\/p><p class=\"western\"><b>2. TIPOS DE COOKIES QUE UTILIZAMOS<\/b><\/p><p class=\"western\">En www.realezo.com, empleamos las siguientes categor\u00edas de cookies:<\/p><p class=\"western\">&#8211; Cookies T\u00e9cnicas o Necesarias: Esenciales para el funcionamiento b\u00e1sico de la web, permiti\u00e9ndole navegar y utilizar sus funcionalidades, como el acceso a \u00e1reas seguras.<\/p><p class=\"western\">&#8211; Cookies de An\u00e1lisis o Estad\u00edsticas: Nos ayudan a comprender c\u00f3mo los usuarios interact\u00faan con nuestra p\u00e1gina web recopilando y analizando informaci\u00f3n de forma an\u00f3nima.<\/p><p class=\"western\">&#8211; Cookies de Personalizaci\u00f3n: Permiten recordar sus preferencias para personalizar su experiencia en futuras visitas.<\/p><p class=\"western\">&#8211; Cookies de Publicidad: Estas cookies se utilizan para mostrarle anuncios personalizados en funci\u00f3n de sus intereses y medir la efectividad de nuestras campa\u00f1as publicitarias.<\/p><p class=\"western\"><b>3. COOKIES DE TERCEROS<\/b><\/p><p class=\"western\">En algunos casos, utilizamos cookies proporcionadas por terceros. Por ejemplo:<\/p><p class=\"western\">&#8211; Google Analytics: Para recopilar informaci\u00f3n estad\u00edstica sobre el uso del sitio web.<\/p><p class=\"western\">&#8211; Redes Sociales: Para permitirle compartir contenido directamente desde nuestra web en plataformas como Facebook, Instagram o Twitter.<\/p><p class=\"western\"><b>4. GESTI\u00d3N DE LAS COOKIES<\/b><\/p><p class=\"western\">Puede gestionar y\/o eliminar las cookies seg\u00fan sus preferencias. Aqu\u00ed le indicamos c\u00f3mo:<\/p><p class=\"western\">&#8211; Configuraci\u00f3n del Navegador: Puede configurar su navegador para aceptar, bloquear o eliminar cookies. Consulte los siguientes enlaces para las instrucciones seg\u00fan su navegador:<\/p><p class=\"western\">&#8211; Google Chrome<\/p><p class=\"western\">&#8211; Mozilla Firefox<\/p><p class=\"western\">&#8211; Microsoft Edge<\/p><p class=\"western\">&#8211; Safari<\/p><p class=\"western\">&#8211; Panel de Configuraci\u00f3n de Cookies en nuestra Web: Puede acceder a nuestro panel de configuraci\u00f3n de cookies para aceptar o rechazar las cookies no esenciales.<\/p><p class=\"western\"><b>5. CONSECUENCIAS DE DESACTIVAR LAS COOKIES<\/b><\/p><p class=\"western\">Si desactiva las cookies necesarias, es posible que algunas funcionalidades de la web no funcionen correctamente, afectando su experiencia de navegaci\u00f3n.<\/p><p class=\"western\"><b>6. ACTUALIZACI\u00d3N DE LA POL\u00cdTICA DE COOKIES<\/b><\/p><p class=\"western\">Esta Pol\u00edtica de Cookies puede ser actualizada en funci\u00f3n de cambios en nuestra p\u00e1gina web o en la legislaci\u00f3n aplicable. Publicaremos cualquier modificaci\u00f3n en esta p\u00e1gina, por lo que le recomendamos revisarla peri\u00f3dicamente.<\/p><p class=\"western\"><b>7. CONTACTO<\/b><\/p><p class=\"western\">Si tiene alguna duda sobre nuestra Pol\u00edtica de Cookies, puede contactarnos a trav\u00e9s de info@realezo.com<\/p>\t\t\t\t\t\t<\/div>\n\t\t\t\t<\/div>\n\t\t\t\t\t<\/div>\n\t\t<\/div>\n\t\t\t\t\t<\/div>\n\t\t<\/section>\n\t\t\t\t<\/div>","protected":false},"excerpt":{"rendered":"<p>POL\u00cdTICA DE COOKIES En www.realezo.com, utilizamos cookies para garantizar el correcto funcionamiento de nuestra p\u00e1gina web, mejorar su experiencia de navegaci\u00f3n y ofrecer contenidos personalizados. A continuaci\u00f3n, explicamos qu\u00e9 son las cookies, qu\u00e9 tipos utilizamos, y c\u00f3mo puede gestionarlas. 1. \u00bfQU\u00c9 SON LAS COOKIES? Las cookies son peque\u00f1os archivos de texto que se descargan en [&hellip;]<\/p>","protected":false},"author":1,"featured_media":0,"parent":0,"menu_order":0,"comment_status":"closed","ping_status":"closed","template":"elementor_header_footer","meta":{"_acf_changed":false,"footnotes":""},"class_list":["post-8411","page","type-page","status-publish","hentry"],"acf":[],"_links":{"self":[{"href":"https:\/\/realezo.com\/en\/wp-json\/wp\/v2\/pages\/8411","targetHints":{"allow":["GET"]}}],"collection":[{"href":"https:\/\/realezo.com\/en\/wp-json\/wp\/v2\/pages"}],"about":[{"href":"https:\/\/realezo.com\/en\/wp-json\/wp\/v2\/types\/page"}],"author":[{"embeddable":true,"href":"https:\/\/realezo.com\/en\/wp-json\/wp\/v2\/users\/1"}],"replies":[{"embeddable":true,"href":"https:\/\/realezo.com\/en\/wp-json\/wp\/v2\/comments?post=8411"}],"version-history":[{"count":10,"href":"https:\/\/realezo.com\/en\/wp-json\/wp\/v2\/pages\/8411\/revisions"}],"predecessor-version":[{"id":9068,"href":"https:\/\/realezo.com\/en\/wp-json\/wp\/v2\/pages\/8411\/revisions\/9068"}],"wp:attachment":[{"href":"https:\/\/realezo.com\/en\/wp-json\/wp\/v2\/media?parent=8411"}],"curies":[{"name":"wp","href":"https:\/\/api.w.org\/{rel}","templated":true}]}}