{"id":1363,"date":"2024-05-23T06:28:55","date_gmt":"2024-05-23T06:28:55","guid":{"rendered":"https:\/\/realezo.com\/?post_type=product&#038;p=1363"},"modified":"2024-09-26T14:38:11","modified_gmt":"2024-09-26T14:38:11","slug":"pulsera-amara-liberta","status":"publish","type":"product","link":"https:\/\/realezo.com\/en\/product\/pulsera-amara-liberta\/","title":{"rendered":"Amara Liberta Bracelet"},"content":{"rendered":"<div class=\"elementor-element elementor-element-50377d3 elementor-widget elementor-widget-jet-single-content\" data-id=\"50377d3\" data-element_type=\"widget\" data-widget_type=\"jet-single-content.default\">\n<div class=\"elementor-widget-container\">\n<div class=\"elementor-jet-single-content jet-woo-builder\">\n<div class=\"jet-single-content\">\n<div class=\"product\">\n<p>A companion to the Amara Liberta bracelet, on this occasion the bars have been replaced by six cabochons that contrast perfectly with its base line, thus creating an unparalleled set of straight and curved lines that intersect and complement each other, resulting in this fascinating piece. Available in eighteen karat gold, sterling silver and ruthenium.<\/p>\n<\/div>\n<\/div>\n<\/div>\n<\/div>\n<\/div>","protected":false},"excerpt":{"rendered":"<p><span style=\"font-weight: 400;\">Inmensos salones repletos de esculturas en m\u00e1rmol de tama\u00f1o descomunal, pero era una peque\u00f1a la que destacaba por encima de todas, con la mirada fija en las dem\u00e1s mientras \u00e9stas, paralizadas, eran incapaces de seguirla.<\/span><\/p>","protected":false},"featured_media":1367,"template":"","meta":{"_acf_changed":false},"product_brand":[],"product_cat":[55],"product_tag":[],"class_list":{"0":"post-1363","1":"product","2":"type-product","3":"status-publish","4":"has-post-thumbnail","6":"product_cat-pulseras","7":"wcpa_has_options","9":"first","10":"instock","11":"taxable","12":"shipping-taxable","13":"purchasable","14":"product-type-variable","15":"has-default-attributes"},"acf":[],"_links":{"self":[{"href":"https:\/\/realezo.com\/en\/wp-json\/wp\/v2\/product\/1363","targetHints":{"allow":["GET"]}}],"collection":[{"href":"https:\/\/realezo.com\/en\/wp-json\/wp\/v2\/product"}],"about":[{"href":"https:\/\/realezo.com\/en\/wp-json\/wp\/v2\/types\/product"}],"wp:featuredmedia":[{"embeddable":true,"href":"https:\/\/realezo.com\/en\/wp-json\/wp\/v2\/media\/1367"}],"wp:attachment":[{"href":"https:\/\/realezo.com\/en\/wp-json\/wp\/v2\/media?parent=1363"}],"wp:term":[{"taxonomy":"product_brand","embeddable":true,"href":"https:\/\/realezo.com\/en\/wp-json\/wp\/v2\/product_brand?post=1363"},{"taxonomy":"product_cat","embeddable":true,"href":"https:\/\/realezo.com\/en\/wp-json\/wp\/v2\/product_cat?post=1363"},{"taxonomy":"product_tag","embeddable":true,"href":"https:\/\/realezo.com\/en\/wp-json\/wp\/v2\/product_tag?post=1363"}],"curies":[{"name":"wp","href":"https:\/\/api.w.org\/{rel}","templated":true}]}}