{"id":387,"date":"2023-11-29T12:27:15","date_gmt":"2023-11-29T12:27:15","guid":{"rendered":"https:\/\/realezo.com\/?post_type=product&#038;p=387"},"modified":"2024-09-26T14:39:51","modified_gmt":"2024-09-26T14:39:51","slug":"anillo-anurae-liberta","status":"publish","type":"product","link":"https:\/\/realezo.com\/en\/product\/anillo-anurae-liberta\/","title":{"rendered":"Anurae Liberta Ring"},"content":{"rendered":"<div class=\"elementor-element elementor-element-50377d3 elementor-widget elementor-widget-jet-single-content\" data-id=\"50377d3\" data-element_type=\"widget\" data-widget_type=\"jet-single-content.default\">\n<div class=\"elementor-widget-container\">\n<div class=\"elementor-jet-single-content jet-woo-builder\">\n<div class=\"jet-single-content\">\n<div class=\"product\">\n<p><span style=\"font-weight: 400;\">It is a variation of the Anurae Regia ring. Endowed this time with a pair of cabochon-cut stones that gives it a new look as powerful and attractive as 'Anurae Regia'. Its new and diverse color notes make it an excellent choice for those who seek to denote their amphibious and totemic inspiration. Available in eighteen-karat gold, sterling silver and ruthenium.<\/span><\/p>\n<\/div>\n<\/div>\n<\/div>\n<\/div>\n<\/div>","protected":false},"excerpt":{"rendered":"<p><span style=\"font-weight: 400;\">Es un mero ruido o son cantos de poes\u00eda y emoci\u00f3n. Un peque\u00f1o estanque o un gran lago repleto de formas, colores y croares.<\/span><\/p>","protected":false},"featured_media":404,"template":"","meta":{"_acf_changed":false},"product_brand":[],"product_cat":[40],"product_tag":[],"class_list":{"0":"post-387","1":"product","2":"type-product","3":"status-publish","4":"has-post-thumbnail","6":"product_cat-anillos","7":"wcpa_has_options","9":"first","10":"instock","11":"taxable","12":"shipping-taxable","13":"purchasable","14":"product-type-variable","15":"has-default-attributes"},"acf":[],"_links":{"self":[{"href":"https:\/\/realezo.com\/en\/wp-json\/wp\/v2\/product\/387","targetHints":{"allow":["GET"]}}],"collection":[{"href":"https:\/\/realezo.com\/en\/wp-json\/wp\/v2\/product"}],"about":[{"href":"https:\/\/realezo.com\/en\/wp-json\/wp\/v2\/types\/product"}],"wp:featuredmedia":[{"embeddable":true,"href":"https:\/\/realezo.com\/en\/wp-json\/wp\/v2\/media\/404"}],"wp:attachment":[{"href":"https:\/\/realezo.com\/en\/wp-json\/wp\/v2\/media?parent=387"}],"wp:term":[{"taxonomy":"product_brand","embeddable":true,"href":"https:\/\/realezo.com\/en\/wp-json\/wp\/v2\/product_brand?post=387"},{"taxonomy":"product_cat","embeddable":true,"href":"https:\/\/realezo.com\/en\/wp-json\/wp\/v2\/product_cat?post=387"},{"taxonomy":"product_tag","embeddable":true,"href":"https:\/\/realezo.com\/en\/wp-json\/wp\/v2\/product_tag?post=387"}],"curies":[{"name":"wp","href":"https:\/\/api.w.org\/{rel}","templated":true}]}}